{"id":3340,"date":"2015-10-13T06:56:26","date_gmt":"2015-10-13T06:56:26","guid":{"rendered":"http:\/\/yellon.se\/en\/?page_id=3340"},"modified":"2018-11-27T06:59:58","modified_gmt":"2018-11-27T06:59:58","slug":"nytt","status":"publish","type":"page","link":"https:\/\/yellon.se\/en\/nytt\/","title":{"rendered":"News"},"content":{"rendered":"<p>Hej Robert!<\/p>\n<p>Det r\u00e4cker med att bara skapa nyheten som en &#8220;Post&#8221; nu, l\u00e5t denna sida vara :)<\/p>\n<p>PS. Av n\u00e5gon anledning s\u00e5 syns inte datum i &#8220;Tidigare nyheter&#8221;-listan om det det \u00e4r tv\u00e5 inl\u00e4gg med samma publiceringsdatum.<\/p>\n","protected":false},"excerpt":{"rendered":"<p>Hej Robert! Det r\u00e4cker med att bara skapa nyheten som en &#8220;Post&#8221; nu, l\u00e5t denna sida vara :) PS. Av n\u00e5gon anledning s\u00e5 syns inte&#8230;<\/p>\n","protected":false},"author":2,"featured_media":4833,"parent":0,"menu_order":0,"comment_status":"closed","ping_status":"closed","template":"page-press.php","meta":{"_acf_changed":false,"footnotes":""},"class_list":["post-3340","page","type-page","status-publish","has-post-thumbnail","hentry"],"acf":[],"_links":{"self":[{"href":"https:\/\/yellon.se\/en\/wp-json\/wp\/v2\/pages\/3340","targetHints":{"allow":["GET"]}}],"collection":[{"href":"https:\/\/yellon.se\/en\/wp-json\/wp\/v2\/pages"}],"about":[{"href":"https:\/\/yellon.se\/en\/wp-json\/wp\/v2\/types\/page"}],"author":[{"embeddable":true,"href":"https:\/\/yellon.se\/en\/wp-json\/wp\/v2\/users\/2"}],"replies":[{"embeddable":true,"href":"https:\/\/yellon.se\/en\/wp-json\/wp\/v2\/comments?post=3340"}],"version-history":[{"count":0,"href":"https:\/\/yellon.se\/en\/wp-json\/wp\/v2\/pages\/3340\/revisions"}],"wp:featuredmedia":[{"embeddable":true,"href":"https:\/\/yellon.se\/en\/wp-json\/wp\/v2\/media\/4833"}],"wp:attachment":[{"href":"https:\/\/yellon.se\/en\/wp-json\/wp\/v2\/media?parent=3340"}],"curies":[{"name":"wp","href":"https:\/\/api.w.org\/{rel}","templated":true}]}}