{"id":2093,"date":"2013-12-20T10:38:31","date_gmt":"2013-12-20T10:38:31","guid":{"rendered":"http:\/\/yellon.se\/contact\/"},"modified":"2023-11-30T08:22:05","modified_gmt":"2023-11-30T08:22:05","slug":"contact","status":"publish","type":"page","link":"https:\/\/yellon.se\/en\/contact\/","title":{"rendered":"Contact"},"content":{"rendered":"<p class=\"p1\"><span class=\"TextRun SCXW59142774 BCX9\" lang=\"EN-US\" xml:lang=\"EN-US\" data-contrast=\"auto\"><span class=\"NormalTextRun SpellingErrorV2Themed SCXW59142774 BCX9\" data-ccp-charstyle=\"ui-provider\" data-ccp-charstyle-defn=\"{&quot;ObjectId&quot;:&quot;3e663389-224d-461a-bc81-fb80e2e46ccb|162&quot;,&quot;ClassId&quot;:1073872969,&quot;Properties&quot;:[469775450,&quot;ui-provider&quot;,201340122,&quot;1&quot;,134233614,&quot;true&quot;,469778129,&quot;ui-provider&quot;,335572020,&quot;1&quot;,469778324,&quot;Default Paragraph Font&quot;]}\">Yellon<\/span><span class=\"NormalTextRun SCXW59142774 BCX9\" data-ccp-charstyle=\"ui-provider\"> is a multidisciplinary partner that innovates products and places through architecture, <\/span><span class=\"NormalTextRun SCXW59142774 BCX9\" data-ccp-charstyle=\"ui-provider\">design<\/span><span class=\"NormalTextRun SCXW59142774 BCX9\" data-ccp-charstyle=\"ui-provider\"> and communication. Founded in 1989, we have offices in Stockholm, <\/span><span class=\"NormalTextRun SCXW59142774 BCX9\" data-ccp-charstyle=\"ui-provider\">Gothenburg,<\/span><span class=\"NormalTextRun SCXW59142774 BCX9\" data-ccp-charstyle=\"ui-provider\">\u00a0Malm\u00f6 and J\u00f6nk\u00f6ping.<\/span><\/span><span class=\"EOP SCXW59142774 BCX9\" data-ccp-props=\"{&quot;201341983&quot;:0,&quot;335559737&quot;:1418,&quot;335559739&quot;:240,&quot;335559740&quot;:264}\">\u00a0<\/span><\/p>\n","protected":false},"excerpt":{"rendered":"<p>Yellon is a multidisciplinary partner that innovates products and places through architecture, design and communication. Founded in 1989, we have offices in Stockholm, Gothenburg,\u00a0Malm\u00f6 and&#8230;<\/p>\n","protected":false},"author":2,"featured_media":0,"parent":0,"menu_order":0,"comment_status":"open","ping_status":"open","template":"contact.php","meta":{"_acf_changed":false,"footnotes":""},"class_list":["post-2093","page","type-page","status-publish","hentry"],"acf":[],"_links":{"self":[{"href":"https:\/\/yellon.se\/en\/wp-json\/wp\/v2\/pages\/2093","targetHints":{"allow":["GET"]}}],"collection":[{"href":"https:\/\/yellon.se\/en\/wp-json\/wp\/v2\/pages"}],"about":[{"href":"https:\/\/yellon.se\/en\/wp-json\/wp\/v2\/types\/page"}],"author":[{"embeddable":true,"href":"https:\/\/yellon.se\/en\/wp-json\/wp\/v2\/users\/2"}],"replies":[{"embeddable":true,"href":"https:\/\/yellon.se\/en\/wp-json\/wp\/v2\/comments?post=2093"}],"version-history":[{"count":0,"href":"https:\/\/yellon.se\/en\/wp-json\/wp\/v2\/pages\/2093\/revisions"}],"wp:attachment":[{"href":"https:\/\/yellon.se\/en\/wp-json\/wp\/v2\/media?parent=2093"}],"curies":[{"name":"wp","href":"https:\/\/api.w.org\/{rel}","templated":true}]}}